{"id":34,"date":"2018-12-04T22:45:45","date_gmt":"2018-12-04T21:45:45","guid":{"rendered":"http:\/\/www.herzobridge.de\/wordpress\/?page_id=34"},"modified":"2025-09-29T15:57:15","modified_gmt":"2025-09-29T13:57:15","slug":"impressum","status":"publish","type":"page","link":"http:\/\/www.herzobridge.de\/wordpress\/index.php\/impressum\/","title":{"rendered":"Impressum"},"content":{"rendered":"\n<p><strong>Bridgeclub HerzoBridge<\/strong><br>Auf der Nutzung 2<br>91074 Herzogenaurach<\/p>\n\n\n\n<p><strong>Vorsitzende:<\/strong><br>Anna-Cornelia Scharboch<br>Marktplatz 3<br>91074 Herzogenaurach<br>Telefon: 09132\/3841<br>E-Mail: scharboch-marktplatz3@web.de<br><\/p>\n\n\n\n<p><strong>Inhaltlich verantwortlich:&nbsp;<br><\/strong>Susanne Moczadlo<br>Telefon: 01728128951<br>E-Mail: Susanne.Moczadlo@gmx.de<\/p>\n\n\n\n<p><strong>F\u00fcr die Ergebnisse verantwortlich:<br><\/strong>Rosemarie B\u00e4r<br>M\u00fchlgr\u00fcndlein 40<br>91413 Neustadt\/Aisch<br>09161\/5849<\/p>\n","protected":false},"excerpt":{"rendered":"<p>Bridgeclub HerzoBridgeAuf der Nutzung 291074 Herzogenaurach Vorsitzende:Anna-Cornelia ScharbochMarktplatz 391074 HerzogenaurachTelefon: 09132\/3841E-Mail: scharboch-marktplatz3@web.de Inhaltlich verantwortlich:&nbsp;Susanne MoczadloTelefon: 01728128951E-Mail: Susanne.Moczadlo@gmx.de F\u00fcr die Ergebnisse verantwortlich:Rosemarie B\u00e4rM\u00fchlgr\u00fcndlein 4091413 Neustadt\/Aisch09161\/5849<\/p>\n","protected":false},"author":1,"featured_media":0,"parent":0,"menu_order":0,"comment_status":"closed","ping_status":"closed","template":"","meta":{"_mc_calendar":[],"footnotes":""},"class_list":["post-34","page","type-page","status-publish","hentry"],"_links":{"self":[{"href":"http:\/\/www.herzobridge.de\/wordpress\/index.php\/wp-json\/wp\/v2\/pages\/34","targetHints":{"allow":["GET"]}}],"collection":[{"href":"http:\/\/www.herzobridge.de\/wordpress\/index.php\/wp-json\/wp\/v2\/pages"}],"about":[{"href":"http:\/\/www.herzobridge.de\/wordpress\/index.php\/wp-json\/wp\/v2\/types\/page"}],"author":[{"embeddable":true,"href":"http:\/\/www.herzobridge.de\/wordpress\/index.php\/wp-json\/wp\/v2\/users\/1"}],"replies":[{"embeddable":true,"href":"http:\/\/www.herzobridge.de\/wordpress\/index.php\/wp-json\/wp\/v2\/comments?post=34"}],"version-history":[{"count":8,"href":"http:\/\/www.herzobridge.de\/wordpress\/index.php\/wp-json\/wp\/v2\/pages\/34\/revisions"}],"predecessor-version":[{"id":2027,"href":"http:\/\/www.herzobridge.de\/wordpress\/index.php\/wp-json\/wp\/v2\/pages\/34\/revisions\/2027"}],"wp:attachment":[{"href":"http:\/\/www.herzobridge.de\/wordpress\/index.php\/wp-json\/wp\/v2\/media?parent=34"}],"curies":[{"name":"wp","href":"https:\/\/api.w.org\/{rel}","templated":true}]}}