{"id":78,"date":"2018-12-04T23:29:05","date_gmt":"2018-12-04T22:29:05","guid":{"rendered":"http:\/\/www.herzobridge.de\/wordpress\/?page_id=78"},"modified":"2026-04-13T08:28:00","modified_gmt":"2026-04-13T06:28:00","slug":"herzlich-willkommen","status":"publish","type":"page","link":"http:\/\/www.herzobridge.de\/wordpress\/","title":{"rendered":"Herzlich Willkommen"},"content":{"rendered":"\n<figure class=\"wp-block-gallery alignleft has-nested-images columns-default is-cropped wp-block-gallery-1 is-layout-flex wp-block-gallery-is-layout-flex\">\n<figure class=\"wp-block-image size-full is-style-rounded\"><img loading=\"lazy\" decoding=\"async\" width=\"974\" height=\"1280\" data-id=\"2203\" src=\"http:\/\/www.herzobridge.de\/wordpress\/wp-content\/uploads\/2026\/03\/image0.jpeg\" alt=\"\" class=\"wp-image-2203\" srcset=\"http:\/\/www.herzobridge.de\/wordpress\/wp-content\/uploads\/2026\/03\/image0.jpeg 974w, http:\/\/www.herzobridge.de\/wordpress\/wp-content\/uploads\/2026\/03\/image0-228x300.jpeg 228w, http:\/\/www.herzobridge.de\/wordpress\/wp-content\/uploads\/2026\/03\/image0-779x1024.jpeg 779w, http:\/\/www.herzobridge.de\/wordpress\/wp-content\/uploads\/2026\/03\/image0-768x1009.jpeg 768w\" sizes=\"auto, (max-width: 974px) 100vw, 974px\" \/><figcaption class=\"wp-element-caption\">Vorstand HerzoBridge: Anna-Cornelia Scharboch (Vorstand), Susanne Moczadlo (Stellvertretung, Schatzmeisterin) und Beatrix Engelke (Sportwartin) v. l. n. r.<\/figcaption><\/figure>\n<figcaption class=\"blocks-gallery-caption wp-element-caption\"> <br><br><br><br><br><br><br><br><br><br><br><br><br><br><br><\/figcaption><\/figure>\n\n\n\n<p><\/p>\n\n\n\n<h2 class=\"wp-block-heading\">Herzlich Willkommen bei HerzoBridge<\/h2>\n\n\n\n<p class=\"has-medium-font-size\"><\/p>\n\n\n\n<p class=\"has-large-font-size\">Unser Spielort:<\/p>\n\n\n\n<p class=\"has-very-dark-gray-color has-text-color has-small-font-size\"><strong>RKV Solidarit\u00e4t 1906 e.V., Auf der Nutzung 2, 91074 Herzogenaurach<\/strong><\/p>\n\n\n\n<p><\/p>\n\n\n\n<p class=\"has-text-align-left\"><strong>Wir spielen im w\u00f6chentlichen Wechsel mit dem Bridgeclub N\u00fcrnberg Gesellschaft<\/strong> <strong>Museum donnerstags ein BBO Turnier. Turnierbeginn ist 18:30 Uhr (N\u00fcrnberg Museum-HerzoBridge). Die Kosten betragen 2,00 BBO$. <\/strong><\/p>\n\n\n\n<p><\/p>\n\n\n\n<p><strong>G\u00e4ste sind uns jederzeit willkommen. <mark style=\"background-color:rgba(0, 0, 0, 0)\" class=\"has-inline-color has-vivid-red-color\">Wir stellen in unserem Montagsturnier einen Joker. <\/mark>Sie sind herzlich eingeladen, spontan zum Turnier zu kommen.<\/strong><\/p>\n\n\n\n<p><\/p>\n\n\n\n<p><\/p>\n\n\n\n<h2 class=\"wp-block-heading\"><a aria-label=\"Letzte Ergebnisse (\u00f6ffnet in neuem Tab)\" href=\"http:\/\/www.herzobridge.de\/Ergebnisse\/Letzte_Ergebnisse.html\" target=\"_blank\" rel=\"noreferrer noopener\">Letzte Ergebnisse<\/a><\/h2>\n\n\n\n<p><\/p>\n\n\n\n<p><strong>Weitere Termine und Ergebnisse unter dem Men\u00fcpunkt Termine. BBO-Ergebnisse erhalten Sie ausschlie\u00dflich unter Men\u00fcpunkt Termine.<\/strong><\/p>\n\n\n\n<p><strong>Wir bieten regelm\u00e4\u00dfig Anf\u00e4ngerkurse an. Besuchen Sie uns auf unserer Homepage unter der Rubrik Kurse.<\/strong><\/p>\n\n\n\n<h2 class=\"wp-block-heading\">Einladung zum 20j\u00e4hrigen Jubil\u00e4um am 20.06.2026. Wir freuen uns auf Ihre Teilnahme. Anmeldung unter:<\/h2>\n\n\n\n<p><a href=\"https:\/\/datenbank.bridge-verband.de\/website\/register\/5397\">https:\/\/datenbank.bridge-verband.de\/website\/register\/5397<\/a><\/p>\n\n\n\n<figure class=\"wp-block-image size-large is-resized\"><img loading=\"lazy\" decoding=\"async\" width=\"724\" height=\"1024\" src=\"http:\/\/www.herzobridge.de\/wordpress\/wp-content\/uploads\/2026\/04\/23-2026-20.06-Jubilaeum-20260302084411-2-pdf-724x1024.jpg\" alt=\"\" class=\"wp-image-2218\" style=\"width:600px;height:auto\"\/><\/figure>\n\n\n\n<p><br><\/p>\n\n\n\n<p><\/p>\n","protected":false},"excerpt":{"rendered":"<p>Herzlich Willkommen bei HerzoBridge Unser Spielort: RKV Solidarit\u00e4t 1906 e.V., Auf der Nutzung 2, 91074 Herzogenaurach Wir spielen im w\u00f6chentlichen Wechsel mit dem Bridgeclub N\u00fcrnberg Gesellschaft Museum donnerstags ein BBO Turnier. Turnierbeginn ist 18:30 Uhr (N\u00fcrnberg Museum-HerzoBridge). Die Kosten betragen 2,00 BBO$. G\u00e4ste sind uns jederzeit willkommen. Wir stellen in unserem Montagsturnier einen Joker. Sie<\/p>\n<p><a href=\"http:\/\/www.herzobridge.de\/wordpress\/\" class=\"more-link\">Weiterlesen<\/a><\/p>\n","protected":false},"author":1,"featured_media":0,"parent":0,"menu_order":0,"comment_status":"closed","ping_status":"closed","template":"template\/template-page-full-width.php","meta":{"_mc_calendar":[],"footnotes":""},"class_list":["post-78","page","type-page","status-publish","hentry"],"_links":{"self":[{"href":"http:\/\/www.herzobridge.de\/wordpress\/index.php\/wp-json\/wp\/v2\/pages\/78","targetHints":{"allow":["GET"]}}],"collection":[{"href":"http:\/\/www.herzobridge.de\/wordpress\/index.php\/wp-json\/wp\/v2\/pages"}],"about":[{"href":"http:\/\/www.herzobridge.de\/wordpress\/index.php\/wp-json\/wp\/v2\/types\/page"}],"author":[{"embeddable":true,"href":"http:\/\/www.herzobridge.de\/wordpress\/index.php\/wp-json\/wp\/v2\/users\/1"}],"replies":[{"embeddable":true,"href":"http:\/\/www.herzobridge.de\/wordpress\/index.php\/wp-json\/wp\/v2\/comments?post=78"}],"version-history":[{"count":156,"href":"http:\/\/www.herzobridge.de\/wordpress\/index.php\/wp-json\/wp\/v2\/pages\/78\/revisions"}],"predecessor-version":[{"id":2219,"href":"http:\/\/www.herzobridge.de\/wordpress\/index.php\/wp-json\/wp\/v2\/pages\/78\/revisions\/2219"}],"wp:attachment":[{"href":"http:\/\/www.herzobridge.de\/wordpress\/index.php\/wp-json\/wp\/v2\/media?parent=78"}],"curies":[{"name":"wp","href":"https:\/\/api.w.org\/{rel}","templated":true}]}}